{"id":134,"date":"2024-06-08T20:53:13","date_gmt":"2024-06-08T18:53:13","guid":{"rendered":"https:\/\/bi-sdep.eu\/?page_id=134"},"modified":"2024-10-28T22:23:04","modified_gmt":"2024-10-28T21:23:04","slug":"jai-limpression-que-ma-chirurgie-est-ratee-que-faire","status":"publish","type":"page","link":"https:\/\/bi-sdep.eu\/index.php\/jai-limpression-que-ma-chirurgie-est-ratee-que-faire\/","title":{"rendered":"J&rsquo;ai l&rsquo;impression que ma chirurgie est rat\u00e9e, que faire ?"},"content":{"rendered":"\n<div class=\"wp-block-columns is-layout-flex wp-container-core-columns-is-layout-9d6595d7 wp-block-columns-is-layout-flex\">\n<div class=\"wp-block-column is-layout-flow wp-block-column-is-layout-flow\" style=\"flex-basis:100%\">\n<div class=\"wp-block-group\"><div class=\"wp-block-group__inner-container is-layout-constrained wp-block-group-is-layout-constrained\">\n<div class=\"wp-block-group is-nowrap is-layout-flex wp-container-core-group-is-layout-ad2f72ca wp-block-group-is-layout-flex\">\n<div class=\"wp-block-columns is-layout-flex wp-container-core-columns-is-layout-9d6595d7 wp-block-columns-is-layout-flex\">\n<div class=\"wp-block-column is-layout-flow wp-block-column-is-layout-flow\" style=\"flex-basis:100%\">\n<div class=\"wp-block-group alignfull has-background\" style=\"background-color:#f5eac1;padding-top:6vw;padding-right:6vw;padding-bottom:6vw;padding-left:6vw\"><div class=\"wp-block-group__inner-container is-layout-flow wp-block-group-is-layout-flow\">\n<div class=\"wp-block-columns is-layout-flex wp-container-core-columns-is-layout-9d6595d7 wp-block-columns-is-layout-flex\">\n<div class=\"wp-block-column is-layout-flow wp-block-column-is-layout-flow\">\n<p><strong>1\/ Demander d&rsquo;autres avis m\u00e9dicaux<br><\/strong>Consultez un ou plusieurs autres chirurgiens maxillo-faciaux pour \u00e9valuer votre \u00e9tat et obtenir un second avis.<\/p>\n\n\n\n<details class=\"wp-block-details is-layout-flow wp-block-details-is-layout-flow\"><summary>Notre conseil (cliquez sur la fl\u00e8che pour d\u00e9rouler)<\/summary>\n<p><em>Dans la mesure du possible, essayez de ruser pour ne avoir \u00e0 pr\u00e9ciser le nom du chirurgien qui vous a op\u00e9r\u00e9. Le praticien risque de manquer d&rsquo;impartialit\u00e9 afin de prot\u00e9ger l&rsquo;image de son confr\u00e8re (d\u00e9ontologie oblige).<\/em><\/p>\n<\/details>\n\n\n\n<div class=\"wp-block-columns is-layout-flex wp-container-core-columns-is-layout-9d6595d7 wp-block-columns-is-layout-flex\">\n<div class=\"wp-block-column is-layout-flow wp-block-column-is-layout-flow\" style=\"flex-basis:66.66%\">\n<figure class=\"wp-block-image size-large is-resized\"><img loading=\"lazy\" decoding=\"async\" width=\"1024\" height=\"585\" src=\"https:\/\/bi-sdep.eu\/wp-content\/uploads\/2024\/06\/f991220f-e5f4-4880-aa4a-e9be805a7baf-1024x585.webp\" alt=\"\" class=\"wp-image-147\" style=\"width:319px;height:auto\" srcset=\"https:\/\/bi-sdep.eu\/wp-content\/uploads\/2024\/06\/f991220f-e5f4-4880-aa4a-e9be805a7baf-1024x585.webp 1024w, https:\/\/bi-sdep.eu\/wp-content\/uploads\/2024\/06\/f991220f-e5f4-4880-aa4a-e9be805a7baf-300x171.webp 300w, https:\/\/bi-sdep.eu\/wp-content\/uploads\/2024\/06\/f991220f-e5f4-4880-aa4a-e9be805a7baf-768x439.webp 768w, https:\/\/bi-sdep.eu\/wp-content\/uploads\/2024\/06\/f991220f-e5f4-4880-aa4a-e9be805a7baf-1536x878.webp 1536w, https:\/\/bi-sdep.eu\/wp-content\/uploads\/2024\/06\/f991220f-e5f4-4880-aa4a-e9be805a7baf.webp 1792w\" sizes=\"auto, (max-width: 1024px) 100vw, 1024px\" \/><\/figure>\n<\/div>\n\n\n\n<div class=\"wp-block-column is-layout-flow wp-block-column-is-layout-flow\" style=\"flex-basis:33.33%\"><\/div>\n<\/div>\n\n\n\n<p><strong>3\/ Reconstituer votre dossier m\u00e9dical <\/strong><\/p>\n\n\n\n<p>Recueillez et conservez tous les documents m\u00e9dicaux pertinents (dossiers m\u00e9dicaux, r\u00e9sultats d&rsquo;examens, prescriptions, etc.).<\/p>\n\n\n\n<p>R\u00e9cup\u00e9rer votre dossier m\u00e9dical aupr\u00e8s des praticiens qui vous sont suivi en pr\u00e9 et en post op\u00e9ratoire, notamment aupr\u00e8s de votre chirurgien (\u00e0 son cabinet), de votre orthodontiste, kin\u00e9sith\u00e9rapeute mais aussi de l&rsquo;h\u00f4pital ou de la clinique o\u00f9 vous avez \u00e9t\u00e9 op\u00e9r\u00e9.<\/p>\n\n\n\n<div class=\"wp-block-file\"><a id=\"wp-block-file--media-b900fb22-025e-43d3-bcd4-925f9cf2c920\" href=\"https:\/\/bi-sdep.eu\/wp-content\/uploads\/2024\/06\/Demande-dossier-medical-modele.doc\">Demande-dossier-medical-modele<\/a><a href=\"https:\/\/bi-sdep.eu\/wp-content\/uploads\/2024\/06\/Demande-dossier-medical-modele.doc\" class=\"wp-block-file__button wp-element-button\" download aria-describedby=\"wp-block-file--media-b900fb22-025e-43d3-bcd4-925f9cf2c920\">T\u00e9l\u00e9charger<\/a><\/div>\n\n\n\n<p>4\/ <strong>Obtenir des conseils juridiques :<\/strong><\/p>\n\n\n\n<p>Discutez avec un professionnel du droit de l&rsquo;opportunit\u00e9 d&rsquo;intenter une action en justice. <\/p>\n\n\n\n<p>N&rsquo;h\u00e9sitez pas \u00e0 nous contacter pour \u00eatre mis en relation avec nos experts.<\/p>\n\n\n\n<p><a href=\"https:\/\/bi-sdep.eu\/index.php\/contact-page\/\" data-type=\"page\" data-id=\"13\">Contactez-nous<\/a> <\/p>\n\n\n\n<details class=\"wp-block-details is-layout-flow wp-block-details-is-layout-flow\"><summary>Notre conseil ( cliquez sur la fl\u00e8che pour d\u00e9rouler)<\/summary>\n<p>Ne n\u00e9gligez pas l&rsquo;aspect judiciaire dans votre processus de reconstruction. Pouvoir \u00eatre entendu dans le cadre d&rsquo;une action en justice, par des professionnels, des experts m\u00e9dicaux, des juges, est souvent un chemin n\u00e9cessaire \u00e0 la compr\u00e9hension de son histoire. Se faire entendre par la Justice permet aussi de d\u00e9noncer certaines pratiques et de faire \u00e9voluer les choses&#8230; <\/p>\n<\/details>\n<\/div>\n\n\n\n<div class=\"wp-block-column is-layout-flow wp-block-column-is-layout-flow\">\n<figure class=\"wp-block-image size-large is-resized\"><img loading=\"lazy\" decoding=\"async\" width=\"1024\" height=\"585\" src=\"https:\/\/bi-sdep.eu\/wp-content\/uploads\/2024\/06\/DALL\u00b7E-2024-06-08-21.23.55-A-patient-in-a-consultation-with-a-maxillofacial-specialist.-The-scene-is-set-in-a-specialists-office-with-the-doctor-examining-the-patients-face-a-1024x585.webp\" alt=\"\" class=\"wp-image-142\" style=\"width:254px;height:auto\" srcset=\"https:\/\/bi-sdep.eu\/wp-content\/uploads\/2024\/06\/DALL\u00b7E-2024-06-08-21.23.55-A-patient-in-a-consultation-with-a-maxillofacial-specialist.-The-scene-is-set-in-a-specialists-office-with-the-doctor-examining-the-patients-face-a-1024x585.webp 1024w, https:\/\/bi-sdep.eu\/wp-content\/uploads\/2024\/06\/DALL\u00b7E-2024-06-08-21.23.55-A-patient-in-a-consultation-with-a-maxillofacial-specialist.-The-scene-is-set-in-a-specialists-office-with-the-doctor-examining-the-patients-face-a-300x171.webp 300w, https:\/\/bi-sdep.eu\/wp-content\/uploads\/2024\/06\/DALL\u00b7E-2024-06-08-21.23.55-A-patient-in-a-consultation-with-a-maxillofacial-specialist.-The-scene-is-set-in-a-specialists-office-with-the-doctor-examining-the-patients-face-a-768x439.webp 768w, https:\/\/bi-sdep.eu\/wp-content\/uploads\/2024\/06\/DALL\u00b7E-2024-06-08-21.23.55-A-patient-in-a-consultation-with-a-maxillofacial-specialist.-The-scene-is-set-in-a-specialists-office-with-the-doctor-examining-the-patients-face-a-1536x878.webp 1536w, https:\/\/bi-sdep.eu\/wp-content\/uploads\/2024\/06\/DALL\u00b7E-2024-06-08-21.23.55-A-patient-in-a-consultation-with-a-maxillofacial-specialist.-The-scene-is-set-in-a-specialists-office-with-the-doctor-examining-the-patients-face-a.webp 1792w\" sizes=\"auto, (max-width: 1024px) 100vw, 1024px\" \/><\/figure>\n\n\n\n<p><strong>2\/ B\u00e9n\u00e9ficier d&rsquo;un soutien psychologique  <\/strong><\/p>\n\n\n\n<p>Changement physique brutal, perte d&rsquo;identit\u00e9, interventions douloureuses et \u00e9prouvantes, les chirurgies orthognatiques peuvent \u00eatre traumatisantes. Consulter un psychologue ou un psychiatre pour obtenir un soutien \u00e9motionnel et m\u00e9dicamenteux si besoin. Soyez indulgents avec vous m\u00eame, vous traversez une \u00e9preuve difficile.<\/p>\n\n\n\n<p>Rejoignez notre <a href=\"https:\/\/www.facebook.com\/groups\/523506718948374\">groupe facebook <\/a>ou notre <a href=\"https:\/\/bi-sdep.eu\/index.php\/community-2\/\" data-type=\"page\" data-id=\"85\">forum<\/a>.<\/p>\n\n\n\n<figure class=\"wp-block-image size-full\"><img loading=\"lazy\" decoding=\"async\" width=\"1024\" height=\"1024\" src=\"https:\/\/bi-sdep.eu\/wp-content\/uploads\/2024\/06\/abe97196-da00-4ac2-8056-98f898f13806.webp\" alt=\"\" class=\"wp-image-149\" srcset=\"https:\/\/bi-sdep.eu\/wp-content\/uploads\/2024\/06\/abe97196-da00-4ac2-8056-98f898f13806.webp 1024w, https:\/\/bi-sdep.eu\/wp-content\/uploads\/2024\/06\/abe97196-da00-4ac2-8056-98f898f13806-300x300.webp 300w, https:\/\/bi-sdep.eu\/wp-content\/uploads\/2024\/06\/abe97196-da00-4ac2-8056-98f898f13806-150x150.webp 150w, https:\/\/bi-sdep.eu\/wp-content\/uploads\/2024\/06\/abe97196-da00-4ac2-8056-98f898f13806-768x768.webp 768w\" sizes=\"auto, (max-width: 1024px) 100vw, 1024px\" \/><\/figure>\n<\/div>\n<\/div>\n\n\n\n<p class=\"has-text-align-center\"><strong>5\/ Gardez espoir, la lumi\u00e8re est toujours au bout du tunnel ! <\/strong><\/p>\n\n\n\n<div class=\"wp-block-columns is-layout-flex wp-container-core-columns-is-layout-9d6595d7 wp-block-columns-is-layout-flex\">\n<div class=\"wp-block-column is-layout-flow wp-block-column-is-layout-flow\" style=\"flex-basis:100%\">\n<figure class=\"wp-block-image size-large\"><img decoding=\"async\" src=\"https:\/\/s.w.org\/images\/core\/5.8\/outside-01.jpg\" alt=\"The sun setting through a dense forest.\"\/><\/figure>\n\n\n\n<div class=\"wp-block-columns is-layout-flex wp-container-core-columns-is-layout-9d6595d7 wp-block-columns-is-layout-flex\">\n<div class=\"wp-block-column is-layout-flow wp-block-column-is-layout-flow\"><\/div>\n\n\n\n<div class=\"wp-block-column is-layout-flow wp-block-column-is-layout-flow\"><\/div>\n<\/div>\n\n\n\n<div class=\"wp-block-columns is-layout-flex wp-container-core-columns-is-layout-9d6595d7 wp-block-columns-is-layout-flex\">\n<div class=\"wp-block-column is-layout-flow wp-block-column-is-layout-flow\" style=\"flex-basis:33.33%\"><\/div>\n\n\n\n<div class=\"wp-block-column is-layout-flow wp-block-column-is-layout-flow\" style=\"flex-basis:66.66%\"><\/div>\n<\/div>\n<\/div>\n<\/div>\n\n\n\n<div style=\"height:0px\" aria-hidden=\"true\" class=\"wp-block-spacer\"><\/div>\n<\/div><\/div>\n<\/div>\n<\/div>\n<\/div>\n<\/div><\/div>\n<\/div>\n<\/div>\n","protected":false},"excerpt":{"rendered":"<p>1\/ Demander d&rsquo;autres avis m\u00e9dicauxConsultez un ou plusieurs autres chirurgiens maxillo-faciaux pour \u00e9valuer votre \u00e9tat et obtenir un second avis. 3\/ Reconstituer votre dossier m\u00e9dical Recueillez et conservez tous les documents m\u00e9dicaux pertinents (dossiers m\u00e9dicaux, r\u00e9sultats d&rsquo;examens, prescriptions, etc.). R\u00e9cup\u00e9rer votre dossier m\u00e9dical aupr\u00e8s des praticiens qui vous sont suivi en pr\u00e9 et en post [&hellip;]<\/p>\n","protected":false},"author":1,"featured_media":0,"parent":0,"menu_order":0,"comment_status":"closed","ping_status":"closed","template":"","meta":{"footnotes":""},"class_list":["post-134","page","type-page","status-publish","hentry"],"_links":{"self":[{"href":"https:\/\/bi-sdep.eu\/index.php\/wp-json\/wp\/v2\/pages\/134","targetHints":{"allow":["GET"]}}],"collection":[{"href":"https:\/\/bi-sdep.eu\/index.php\/wp-json\/wp\/v2\/pages"}],"about":[{"href":"https:\/\/bi-sdep.eu\/index.php\/wp-json\/wp\/v2\/types\/page"}],"author":[{"embeddable":true,"href":"https:\/\/bi-sdep.eu\/index.php\/wp-json\/wp\/v2\/users\/1"}],"replies":[{"embeddable":true,"href":"https:\/\/bi-sdep.eu\/index.php\/wp-json\/wp\/v2\/comments?post=134"}],"version-history":[{"count":9,"href":"https:\/\/bi-sdep.eu\/index.php\/wp-json\/wp\/v2\/pages\/134\/revisions"}],"predecessor-version":[{"id":208,"href":"https:\/\/bi-sdep.eu\/index.php\/wp-json\/wp\/v2\/pages\/134\/revisions\/208"}],"wp:attachment":[{"href":"https:\/\/bi-sdep.eu\/index.php\/wp-json\/wp\/v2\/media?parent=134"}],"curies":[{"name":"wp","href":"https:\/\/api.w.org\/{rel}","templated":true}]}}