{"id":194,"date":"2024-10-27T20:15:32","date_gmt":"2024-10-27T19:15:32","guid":{"rendered":"https:\/\/bi-sdep.eu\/?page_id=194"},"modified":"2025-10-30T18:21:15","modified_gmt":"2025-10-30T17:21:15","slug":"conseils-dexperts","status":"publish","type":"page","link":"https:\/\/bi-sdep.eu\/index.php\/conseils-dexperts\/","title":{"rendered":"Paroles d&rsquo;experts"},"content":{"rendered":"\n<h2 class=\"wp-block-heading\">Les mots du Dr KOHAUT &#8211; occlusodontiste <\/h2>\n\n\n\n<div class=\"wp-block-media-text is-stacked-on-mobile\" style=\"grid-template-columns:51% auto\"><figure class=\"wp-block-media-text__media\"><img loading=\"lazy\" decoding=\"async\" width=\"314\" height=\"235\" src=\"https:\/\/bi-sdep.eu\/wp-content\/uploads\/2025\/02\/photo-Dr-KOHAUT-1.jpg\" alt=\"\" class=\"wp-image-259 size-full\" srcset=\"https:\/\/bi-sdep.eu\/wp-content\/uploads\/2025\/02\/photo-Dr-KOHAUT-1.jpg 314w, https:\/\/bi-sdep.eu\/wp-content\/uploads\/2025\/02\/photo-Dr-KOHAUT-1-300x225.jpg 300w\" sizes=\"auto, (max-width: 314px) 100vw, 314px\" \/><\/figure><div class=\"wp-block-media-text__content\">\n<p>Le Dr <strong>Jean-Charles Kohaut<\/strong> est <strong>occlusodontiste, <\/strong>\u00e0 la retraite, ancien attach\u00e9 d\u2019enseignement \u00e0 l\u2019Universit\u00e9 Paris V est reconnu pour son expertise dans la prise en charge des troubles fonctionnels li\u00e9s \u00e0 l&rsquo;occlusion dentaire et une approche minutieuse des patients souffrant de pathologies complexes, notamment les troubles de l&rsquo;ATM, le bruxisme ou les douleurs oro-faciales.<\/p>\n<\/div><\/div>\n\n\n\n<p><strong>Le Dr KOHAUT a <\/strong>r\u00e9guli\u00e8rement particip\u00e9 \u00e0 des conf\u00e9rences, formations et publications sur l&rsquo;occlusodontie et les traitements des troubles de l&rsquo;ATM.<\/p>\n\n\n\n<p>En collaboration avec d\u2019autres professionnels de sant\u00e9 (kin\u00e9sith\u00e9rapeutes, ost\u00e9opathes, orthodontistes, chirurgiens, il a \u00e9t\u00e9 impliqu\u00e9 dans la recherche et le partage de bonnes pratiques en mati\u00e8re de diagnostic et de traitement occlusaux.<\/p>\n\n\n\n<p><strong>Tout au long de son activit\u00e9, le Dr KOHAUT a \u00e9t\u00e9 amen\u00e9 \u00e0 prendre en charge des patients venant de b\u00e9n\u00e9ficier d\u2019une chirurgie orthognatique.<\/strong><\/p>\n\n\n\n<p><strong>Il r\u00e9pond \u00e0 nos questions.<\/strong><\/p>\n\n\n\n<div class=\"wp-block-buttons is-layout-flex wp-block-buttons-is-layout-flex\">\n<div class=\"wp-block-button\"><a class=\"wp-block-button__link wp-element-button\" href=\"https:\/\/bi-sdep.eu\/index.php\/conseils-dexperts\/les-mots-du-dr-kohaut-occlusodontiste\/\">Cliquez-ici pour acc\u00e9der \u00e0 l&rsquo;article<\/a><\/div>\n<\/div>\n\n\n\n<p><\/p>\n\n\n\n<h2 class=\"wp-block-heading\"><strong>Cl\u00e9mence BARRERE &#8211; Avocate et patiente victime d&rsquo;une chirurgie orthognatique <\/strong><\/h2>\n\n\n\n<div class=\"wp-block-columns is-layout-flex wp-container-core-columns-is-layout-9d6595d7 wp-block-columns-is-layout-flex\">\n<div class=\"wp-block-column is-layout-flow wp-block-column-is-layout-flow\">\n<figure class=\"wp-block-image size-full\"><img loading=\"lazy\" decoding=\"async\" width=\"800\" height=\"800\" src=\"https:\/\/bi-sdep.eu\/wp-content\/uploads\/2025\/10\/Photo-cv.jpg\" alt=\"\" class=\"wp-image-285\" srcset=\"https:\/\/bi-sdep.eu\/wp-content\/uploads\/2025\/10\/Photo-cv.jpg 800w, https:\/\/bi-sdep.eu\/wp-content\/uploads\/2025\/10\/Photo-cv-300x300.jpg 300w, https:\/\/bi-sdep.eu\/wp-content\/uploads\/2025\/10\/Photo-cv-150x150.jpg 150w, https:\/\/bi-sdep.eu\/wp-content\/uploads\/2025\/10\/Photo-cv-768x768.jpg 768w\" sizes=\"auto, (max-width: 800px) 100vw, 800px\" \/><\/figure>\n<\/div>\n\n\n\n<div class=\"wp-block-column is-layout-flow wp-block-column-is-layout-flow\">\n<p>Avocate, Cl\u00e9mence a vu sa vie boulevers\u00e9e \u00e0 la suite d\u2019une chirurgie orthognathique qui lui a laiss\u00e9 de lourdes s\u00e9quelles. Ce parcours, \u00e0 la fois m\u00e9dical et judiciaire, l\u2019a confront\u00e9e \u00e0 une double incompr\u00e9hension : celle du monde m\u00e9dical, souvent peu enclin \u00e0 reconna\u00eetre les complications, et celle du monde juridique, mal inform\u00e9 sur la sp\u00e9cificit\u00e9 de cette chirurgie.<\/p>\n\n\n\n<p>Face \u00e0 cette solitude, elle d\u00e9cide de prendre son dossier en main. <\/p>\n<\/div>\n<\/div>\n\n\n\n<p>En alliant ses comp\u00e9tences d\u2019avocat \u00e0 un travail de recherche approfondi sur la chirurgie maxillo-faciale, elle se forme dans le cadre d&rsquo;un Dipl\u00f4me Universitaire en Contentieux M\u00e9dical et participe pleinement \u00e0 sa propre d\u00e9fense. Cette exp\u00e9rience lui a permis de mesurer les lacunes d\u2019information et d\u2019accompagnement auxquelles sont confront\u00e9es les victimes.<\/p>\n\n\n\n<p><strong>Aujourd\u2019hui, Cl\u00e9mence met son double regard \u2014 celui de la patiente et celui de l\u2019avocate \u2014 au service des autres, dans ce ce parcours long et \u00e9prouvant vers la reconnaissance et la r\u00e9paration judiciaire.<\/strong><\/p>\n\n\n\n<div class=\"wp-block-buttons is-layout-flex wp-block-buttons-is-layout-flex\">\n<div class=\"wp-block-button\"><a class=\"wp-block-button__link wp-element-button\" href=\"https:\/\/bi-sdep.eu\/index.php\/echanges-avec-clemence-barrere-avocate-patiente-victime-et-fondatrice-de-lassociation-bi-sdep\/\">Cliquez-ici pour acc\u00e9der \u00e0 l&rsquo;article<\/a><\/div>\n<\/div>\n","protected":false},"excerpt":{"rendered":"<p>Les mots du Dr KOHAUT &#8211; occlusodontiste Le Dr Jean-Charles Kohaut est occlusodontiste, \u00e0 la retraite, ancien attach\u00e9 d\u2019enseignement \u00e0 l\u2019Universit\u00e9 Paris V est reconnu pour son expertise dans la prise en charge des troubles fonctionnels li\u00e9s \u00e0 l&rsquo;occlusion dentaire et une approche minutieuse des patients souffrant de pathologies complexes, notamment les troubles de l&rsquo;ATM, [&hellip;]<\/p>\n","protected":false},"author":1,"featured_media":0,"parent":0,"menu_order":0,"comment_status":"closed","ping_status":"closed","template":"","meta":{"footnotes":""},"class_list":["post-194","page","type-page","status-publish","hentry"],"_links":{"self":[{"href":"https:\/\/bi-sdep.eu\/index.php\/wp-json\/wp\/v2\/pages\/194","targetHints":{"allow":["GET"]}}],"collection":[{"href":"https:\/\/bi-sdep.eu\/index.php\/wp-json\/wp\/v2\/pages"}],"about":[{"href":"https:\/\/bi-sdep.eu\/index.php\/wp-json\/wp\/v2\/types\/page"}],"author":[{"embeddable":true,"href":"https:\/\/bi-sdep.eu\/index.php\/wp-json\/wp\/v2\/users\/1"}],"replies":[{"embeddable":true,"href":"https:\/\/bi-sdep.eu\/index.php\/wp-json\/wp\/v2\/comments?post=194"}],"version-history":[{"count":10,"href":"https:\/\/bi-sdep.eu\/index.php\/wp-json\/wp\/v2\/pages\/194\/revisions"}],"predecessor-version":[{"id":295,"href":"https:\/\/bi-sdep.eu\/index.php\/wp-json\/wp\/v2\/pages\/194\/revisions\/295"}],"wp:attachment":[{"href":"https:\/\/bi-sdep.eu\/index.php\/wp-json\/wp\/v2\/media?parent=194"}],"curies":[{"name":"wp","href":"https:\/\/api.w.org\/{rel}","templated":true}]}}