{"id":21,"date":"2024-06-08T11:56:39","date_gmt":"2024-06-08T09:56:39","guid":{"rendered":"https:\/\/bi-sdep.eu\/?page_id=21"},"modified":"2024-06-08T17:49:03","modified_gmt":"2024-06-08T15:49:03","slug":"acceuil","status":"publish","type":"page","link":"https:\/\/bi-sdep.eu\/","title":{"rendered":"Qui sommes-nous ?"},"content":{"rendered":"<div class=\"wp-block-image\">\n<figure class=\"alignright size-full is-resized\"><img loading=\"lazy\" decoding=\"async\" width=\"1024\" height=\"1024\" src=\"https:\/\/bi-sdep.eu\/wp-content\/uploads\/2024\/06\/E6334996-CBEF-4A39-97C6-3435CAD1F5D7.webp\" alt=\"\" class=\"wp-image-7\" style=\"width:352px;height:auto\" srcset=\"https:\/\/bi-sdep.eu\/wp-content\/uploads\/2024\/06\/E6334996-CBEF-4A39-97C6-3435CAD1F5D7.webp 1024w, https:\/\/bi-sdep.eu\/wp-content\/uploads\/2024\/06\/E6334996-CBEF-4A39-97C6-3435CAD1F5D7-300x300.webp 300w, https:\/\/bi-sdep.eu\/wp-content\/uploads\/2024\/06\/E6334996-CBEF-4A39-97C6-3435CAD1F5D7-150x150.webp 150w, https:\/\/bi-sdep.eu\/wp-content\/uploads\/2024\/06\/E6334996-CBEF-4A39-97C6-3435CAD1F5D7-768x768.webp 768w\" sizes=\"auto, (max-width: 1024px) 100vw, 1024px\" \/><\/figure>\n<\/div>\n\n\n<h3 class=\"wp-block-heading\"><strong>Bienvenue sur notre site !<\/strong><\/h3>\n\n\n\n<p>Si vous lisez ces lignes, vous cherchez certainement des r\u00e9ponses. <\/p>\n\n\n\n<p>Rassurez-vous, vous n&rsquo;\u00eates pas seuls. <\/p>\n\n\n\n<h3 class=\"wp-block-heading\">Qu&rsquo;est-ce qu&rsquo;une Bimax ?<\/h3>\n\n\n\n<p class=\"has-text-align-left\"><strong>La chirurgie \u00ab\u00a0bimaxillaire\u00a0\u00bb<\/strong>, souvent appel\u00e9e simplement \u00ab\u00a0bimax\u00a0\u00bb, est une intervention chirurgicale orthognathique qui concerne \u00e0 la fois la m\u00e2choire sup\u00e9rieure (maxillaire) et la m\u00e2choire inf\u00e9rieure (mandibule). <\/p>\n\n\n\n<p>La chirurgie orthognatique peut \u00e9galement ne concerner qu&rsquo;une seule m\u00e2choire (maxillaire ou mandibule). Dans ce cas, l&rsquo;intervention sera une intervention dite \u00ab\u00a0monomaxillaire\u00a0\u00bb. <\/p>\n\n\n\n<p>Cette op\u00e9ration vise, a priori, \u00e0 corriger des anomalies dites dysmorphoses dento-maxillo-faciales. Elle peut \u00e9galement \u00eatre associ\u00e9e \u00e0 une chirurgie du menton appel\u00e9e \u00ab\u00a0g\u00e9nioplastie\u00a0\u00bb.<\/p>\n\n\n\n<p>Concr\u00e8tement, le chirurgien fait une incision \u00e0 l&rsquo;int\u00e9rieur de la bouche pour acc\u00e9der au maxillaire et\/ou \u00e0 la mandibule qui sont fractur\u00e9s et repositionn\u00e9s.<\/p>\n\n\n\n<p>Des plaques et des vis en titane sont utilis\u00e9es pour fixer les m\u00e2choires dans leur nouvelle position.<\/p>\n\n\n\n<h2 class=\"wp-block-heading\">Quels constats ? <\/h2>\n\n\n\n<p>En France, le nombre d&rsquo;actes de chirurgie orthognathique pris en charge par la S\u00e9curit\u00e9 sociale a augment\u00e9 de mani\u00e8re significative au cours des dix derni\u00e8res ann\u00e9es. Les statistiques montrent une croissance annuelle moyenne associ\u00e9e au developpement de pratiques m\u00e9dicales auxiliaires, les rendant d\u00e9pendantes les une des autres et alimentant un march\u00e9 tr\u00e8s florissant et attractif :<\/p>\n\n\n\n<ul class=\"wp-block-list\">\n<li>Orthodontie,<\/li>\n\n\n\n<li>Kin\u00e9sith\u00e9rapie maxillo-faciale,<\/li>\n\n\n\n<li>Orthophoniste,<\/li>\n\n\n\n<li>Di\u00e9t\u00e9ticiens,<\/li>\n\n\n\n<li>Ost\u00e9opathes,<\/li>\n\n\n\n<li>etc.<\/li>\n<\/ul>\n\n\n\n<h2 class=\"wp-block-heading\">Pourquoi cette association ? <\/h2>\n\n\n\n<p>Notre association est n\u00e9e de l&rsquo;exp\u00e9rience personnelle de sa fondatrice Cl\u00e9mence qui a v\u00e9cu dans sa chair, des complications, de nombreuses r\u00e9-interventions et s\u00e9quelles irr\u00e9versibles \u00e0 la suite d&rsquo;une chirurgie orthognathique. S&rsquo;en sont suivis une errance m\u00e9dicale qui a dur\u00e9 des ann\u00e9es et un parcours judiciaire complexe, \u00e9prouvant (physiquement et psychologiquement) et co\u00fbteux.<\/p>\n\n\n\n<p>Devant le nombre sid\u00e9rant de t\u00e9moignages que Cl\u00e9mence a pu recueillir tout au long de son parcours, cette exp\u00e9rience lui a d\u00e9montr\u00e9 la n\u00e9cessit\u00e9 de cr\u00e9er et d&rsquo;organiser un soutien structur\u00e9 pour les personnes qui souffrent de situations similaires. <br><br>Nos objectifs sont les suivants:<\/p>\n\n\n\n<ul class=\"wp-block-list\">\n<li><strong>Partager les exp\u00e9riences<\/strong> : cr\u00e9er un r\u00e9seau solidaire de soutien compos\u00e9 de patients, de professionnels de sant\u00e9 et de professionnels judiciaires ;<\/li>\n\n\n\n<li><strong>Accompagner les victimes<\/strong> : Assister ou orienter les victimes dans leurs d\u00e9marches judiciaires avec des conseils et un soutien ad\u00e9quat; <\/li>\n\n\n\n<li><strong>Faire de la pr\u00e9vention<\/strong> : Sensibiliser le public \u00e0 la r\u00e9alit\u00e9 des pratiques chirurgicales maxillo-faciales, des complications et des cons\u00e9quences post-op\u00e9ratoires, dont le nombre accru d&rsquo;actes enregistr\u00e9s par la s\u00e9curit\u00e9 sociale repr\u00e9sente un v\u00e9ritable enjeu de sant\u00e9 publique.<\/li>\n<\/ul>\n\n\n\n<h2 class=\"wp-block-heading\">En bref !<\/h2>\n\n\n\n<p>Notre association aspire \u00e0 \u00eatre un pilier de soutien et de pr\u00e9vention.<\/p>\n\n\n\n<p>Ensemble, nous sommes plus forts, nous pouvons partager nos forces et lutter contre les injustices m\u00e9dicales.<\/p>\n","protected":false},"excerpt":{"rendered":"<p>Bienvenue sur notre site ! Si vous lisez ces lignes, vous cherchez certainement des r\u00e9ponses. Rassurez-vous, vous n&rsquo;\u00eates pas seuls. Qu&rsquo;est-ce qu&rsquo;une Bimax ? La chirurgie \u00ab\u00a0bimaxillaire\u00a0\u00bb, souvent appel\u00e9e simplement \u00ab\u00a0bimax\u00a0\u00bb, est une intervention chirurgicale orthognathique qui concerne \u00e0 la fois la m\u00e2choire sup\u00e9rieure (maxillaire) et la m\u00e2choire inf\u00e9rieure (mandibule). La chirurgie orthognatique peut \u00e9galement [&hellip;]<\/p>\n","protected":false},"author":1,"featured_media":0,"parent":0,"menu_order":0,"comment_status":"closed","ping_status":"closed","template":"","meta":{"footnotes":""},"class_list":["post-21","page","type-page","status-publish","hentry"],"_links":{"self":[{"href":"https:\/\/bi-sdep.eu\/index.php\/wp-json\/wp\/v2\/pages\/21","targetHints":{"allow":["GET"]}}],"collection":[{"href":"https:\/\/bi-sdep.eu\/index.php\/wp-json\/wp\/v2\/pages"}],"about":[{"href":"https:\/\/bi-sdep.eu\/index.php\/wp-json\/wp\/v2\/types\/page"}],"author":[{"embeddable":true,"href":"https:\/\/bi-sdep.eu\/index.php\/wp-json\/wp\/v2\/users\/1"}],"replies":[{"embeddable":true,"href":"https:\/\/bi-sdep.eu\/index.php\/wp-json\/wp\/v2\/comments?post=21"}],"version-history":[{"count":4,"href":"https:\/\/bi-sdep.eu\/index.php\/wp-json\/wp\/v2\/pages\/21\/revisions"}],"predecessor-version":[{"id":103,"href":"https:\/\/bi-sdep.eu\/index.php\/wp-json\/wp\/v2\/pages\/21\/revisions\/103"}],"wp:attachment":[{"href":"https:\/\/bi-sdep.eu\/index.php\/wp-json\/wp\/v2\/media?parent=21"}],"curies":[{"name":"wp","href":"https:\/\/api.w.org\/{rel}","templated":true}]}}