{"id":94,"date":"2024-06-08T17:43:57","date_gmt":"2024-06-08T15:43:57","guid":{"rendered":"https:\/\/bi-sdep.eu\/?page_id=94"},"modified":"2024-06-09T00:17:44","modified_gmt":"2024-06-08T22:17:44","slug":"defendrevosdroits","status":"publish","type":"page","link":"https:\/\/bi-sdep.eu\/index.php\/defendrevosdroits\/","title":{"rendered":"D\u00e9fendre ses droits, se prot\u00e9ger"},"content":{"rendered":"\n<h2 class=\"wp-block-heading\">J&rsquo;ai l&rsquo;impression que ma chirurgie est rat\u00e9e, que dois-je faire ? <\/h2>\n\n\n<div class=\"wp-block-image\">\n<figure class=\"alignleft size-full is-resized\"><img loading=\"lazy\" decoding=\"async\" width=\"1024\" height=\"1024\" src=\"https:\/\/bi-sdep.eu\/wp-content\/uploads\/2024\/06\/DALL\u00b7E-2024-06-08-19.34.11-A-person-looking-at-themselves-in-a-mirror-covering-their-face-with-their-hands.-The-setting-is-simple-with-a-bathroom-mirror-and-a-sink.-The-person.webp\" alt=\"\" class=\"wp-image-127\" style=\"width:218px;height:auto\" srcset=\"https:\/\/bi-sdep.eu\/wp-content\/uploads\/2024\/06\/DALL\u00b7E-2024-06-08-19.34.11-A-person-looking-at-themselves-in-a-mirror-covering-their-face-with-their-hands.-The-setting-is-simple-with-a-bathroom-mirror-and-a-sink.-The-person.webp 1024w, https:\/\/bi-sdep.eu\/wp-content\/uploads\/2024\/06\/DALL\u00b7E-2024-06-08-19.34.11-A-person-looking-at-themselves-in-a-mirror-covering-their-face-with-their-hands.-The-setting-is-simple-with-a-bathroom-mirror-and-a-sink.-The-person-300x300.webp 300w, https:\/\/bi-sdep.eu\/wp-content\/uploads\/2024\/06\/DALL\u00b7E-2024-06-08-19.34.11-A-person-looking-at-themselves-in-a-mirror-covering-their-face-with-their-hands.-The-setting-is-simple-with-a-bathroom-mirror-and-a-sink.-The-person-150x150.webp 150w, https:\/\/bi-sdep.eu\/wp-content\/uploads\/2024\/06\/DALL\u00b7E-2024-06-08-19.34.11-A-person-looking-at-themselves-in-a-mirror-covering-their-face-with-their-hands.-The-setting-is-simple-with-a-bathroom-mirror-and-a-sink.-The-person-768x768.webp 768w\" sizes=\"auto, (max-width: 1024px) 100vw, 1024px\" \/><\/figure>\n<\/div>\n\n\n<p>Si vous subissez des complications li\u00e9es \u00e0 une chirurgie orthognathique,  il est crucial de suivre une s\u00e9rie d&rsquo;\u00e9tapes pour s&rsquo;assurer de la pr\u00e9servation de ses droits tout en recevant les soins appropri\u00e9s. <\/p>\n\n\n\n<div id=\"wp-block-themeisle-blocks-button-group-8bf0ceff\" class=\"wp-block-themeisle-blocks-button-group wp-block-buttons\">\n<div id=\"wp-block-themeisle-blocks-button-9cf093d0\" class=\"wp-block-themeisle-blocks-button wp-block-button\"><a href=\"https:\/\/bi-sdep.eu\/index.php\/jai-limpression-que-ma-chirurgie-est-ratee-que-faire\/\" target=\"_self\" rel=\"noopener noreferrer\" class=\"wp-block-button__link\"><span>En savoir plus<\/span><\/a><\/div>\n<\/div>\n\n\n\n<p><\/p>\n\n\n\n<hr class=\"wp-block-separator has-alpha-channel-opacity\"\/>\n\n\n\n<h2 class=\"wp-block-heading\">La faute m\u00e9dicale, qu&rsquo;est-ce ? <\/h2>\n\n\n<div class=\"wp-block-image\">\n<figure class=\"alignright size-full is-resized\"><img loading=\"lazy\" decoding=\"async\" width=\"1024\" height=\"1024\" src=\"https:\/\/bi-sdep.eu\/wp-content\/uploads\/2024\/06\/DALL\u00b7E-2024-06-09-00.03.11-An-image-of-a-large-question-mark.-The-question-mark-is-prominently-displayed-in-the-center-of-a-plain-background.-The-design-is-simple-and-clean-wit.webp\" alt=\"\" class=\"wp-image-159\" style=\"width:260px;height:auto\" srcset=\"https:\/\/bi-sdep.eu\/wp-content\/uploads\/2024\/06\/DALL\u00b7E-2024-06-09-00.03.11-An-image-of-a-large-question-mark.-The-question-mark-is-prominently-displayed-in-the-center-of-a-plain-background.-The-design-is-simple-and-clean-wit.webp 1024w, https:\/\/bi-sdep.eu\/wp-content\/uploads\/2024\/06\/DALL\u00b7E-2024-06-09-00.03.11-An-image-of-a-large-question-mark.-The-question-mark-is-prominently-displayed-in-the-center-of-a-plain-background.-The-design-is-simple-and-clean-wit-300x300.webp 300w, https:\/\/bi-sdep.eu\/wp-content\/uploads\/2024\/06\/DALL\u00b7E-2024-06-09-00.03.11-An-image-of-a-large-question-mark.-The-question-mark-is-prominently-displayed-in-the-center-of-a-plain-background.-The-design-is-simple-and-clean-wit-150x150.webp 150w, https:\/\/bi-sdep.eu\/wp-content\/uploads\/2024\/06\/DALL\u00b7E-2024-06-09-00.03.11-An-image-of-a-large-question-mark.-The-question-mark-is-prominently-displayed-in-the-center-of-a-plain-background.-The-design-is-simple-and-clean-wit-768x768.webp 768w\" sizes=\"auto, (max-width: 1024px) 100vw, 1024px\" \/><\/figure>\n<\/div>\n\n\n<p>La responsabilit\u00e9 m\u00e9dicale vise l\u2019obligation pour un professionnel de sant\u00e9 ou un \u00e9tablissement de soins de r\u00e9parer les dommages qu\u2019un patient a subis du fait de la mauvaise ex\u00e9cution d\u2019un contrat de soins. Elle est, notamment, \u00e9valu\u00e9e par rapport \u00e0 un standard de soins attendu d&rsquo;un professionnel de sant\u00e9 dans des circonstances similaires.<\/p>\n\n\n\n<div id=\"wp-block-themeisle-blocks-button-group-a9d866d0\" class=\"wp-block-themeisle-blocks-button-group wp-block-buttons align-center-desktop\">\n<div id=\"wp-block-themeisle-blocks-button-22c00eec\" class=\"wp-block-themeisle-blocks-button wp-block-button\"><a href=\"https:\/\/bi-sdep.eu\/index.php\/lengagement-de-la-responsabilite-medicale\/\" target=\"_self\" rel=\"noopener noreferrer\" class=\"wp-block-button__link\"><span>En savoir plus <\/span><\/a><\/div>\n<\/div>\n\n\n\n<hr class=\"wp-block-separator has-alpha-channel-opacity\"\/>\n\n\n\n<h2 class=\"wp-block-heading\">Une proc\u00e9dure judiciaire, combien \u00e7a coute ?<\/h2>\n\n\n\n<div id=\"wp-block-themeisle-blocks-advanced-columns-1fc03e94\" class=\"wp-block-themeisle-blocks-advanced-columns has-2-columns has-desktop-twoOneOne-layout has-tablet-equal-layout has-mobile-collapsedRows-layout has-vertical-unset\"><div class=\"wp-block-themeisle-blocks-advanced-columns-overlay\"><\/div><div class=\"innerblocks-wrap\">\n<div id=\"wp-block-themeisle-blocks-advanced-column-dbd422bd\" class=\"wp-block-themeisle-blocks-advanced-column\">\n<figure class=\"wp-block-image size-large is-resized\"><img loading=\"lazy\" decoding=\"async\" width=\"1024\" height=\"585\" src=\"https:\/\/bi-sdep.eu\/wp-content\/uploads\/2024\/06\/DALL\u00b7E-2024-06-08-17.40.40-A-simple-depiction-of-paying-a-very-expensive-lawyer.-Show-a-lawyer-in-a-suit-sitting-at-a-desk-with-a-client-handing-over-a-stack-of-cash-or-a-credit-1024x585.webp\" alt=\"\" class=\"wp-image-99\" style=\"width:450px;height:auto\" srcset=\"https:\/\/bi-sdep.eu\/wp-content\/uploads\/2024\/06\/DALL\u00b7E-2024-06-08-17.40.40-A-simple-depiction-of-paying-a-very-expensive-lawyer.-Show-a-lawyer-in-a-suit-sitting-at-a-desk-with-a-client-handing-over-a-stack-of-cash-or-a-credit-1024x585.webp 1024w, https:\/\/bi-sdep.eu\/wp-content\/uploads\/2024\/06\/DALL\u00b7E-2024-06-08-17.40.40-A-simple-depiction-of-paying-a-very-expensive-lawyer.-Show-a-lawyer-in-a-suit-sitting-at-a-desk-with-a-client-handing-over-a-stack-of-cash-or-a-credit-300x171.webp 300w, https:\/\/bi-sdep.eu\/wp-content\/uploads\/2024\/06\/DALL\u00b7E-2024-06-08-17.40.40-A-simple-depiction-of-paying-a-very-expensive-lawyer.-Show-a-lawyer-in-a-suit-sitting-at-a-desk-with-a-client-handing-over-a-stack-of-cash-or-a-credit-768x439.webp 768w, https:\/\/bi-sdep.eu\/wp-content\/uploads\/2024\/06\/DALL\u00b7E-2024-06-08-17.40.40-A-simple-depiction-of-paying-a-very-expensive-lawyer.-Show-a-lawyer-in-a-suit-sitting-at-a-desk-with-a-client-handing-over-a-stack-of-cash-or-a-credit-1536x878.webp 1536w, https:\/\/bi-sdep.eu\/wp-content\/uploads\/2024\/06\/DALL\u00b7E-2024-06-08-17.40.40-A-simple-depiction-of-paying-a-very-expensive-lawyer.-Show-a-lawyer-in-a-suit-sitting-at-a-desk-with-a-client-handing-over-a-stack-of-cash-or-a-credit.webp 1792w\" sizes=\"auto, (max-width: 1024px) 100vw, 1024px\" \/><\/figure>\n<\/div>\n\n\n\n<div id=\"wp-block-themeisle-blocks-advanced-column-8b0de869\" class=\"wp-block-themeisle-blocks-advanced-column\">\n<p>La proc\u00e9dure judiciaire en responsabilit\u00e9 m\u00e9dicale vise \u00e0 d\u00e9terminer la responsabilit\u00e9 d&rsquo;un professionnel de sant\u00e9 en cas de faute m\u00e9dicale ayant caus\u00e9 un pr\u00e9judice au patient. Cette proc\u00e9dure est complexe et comprend plusieurs \u00e9tapes, chacune avec des co\u00fbts associ\u00e9s.<\/p>\n\n\n\n<div id=\"wp-block-themeisle-blocks-button-group-f1050d70\" class=\"wp-block-themeisle-blocks-button-group wp-block-buttons\">\n<div id=\"wp-block-themeisle-blocks-button-4c34de89\" class=\"wp-block-themeisle-blocks-button wp-block-button\"><a href=\"https:\/\/bi-sdep.eu\/index.php\/quels-frais-quelle-prise-en-charge-quelles-etapes\/\" target=\"_self\" rel=\"noopener noreferrer\" class=\"wp-block-button__link\"><span>En savoir plus <\/span><\/a><\/div>\n<\/div>\n<\/div>\n<\/div><\/div>\n\n\n\n<div class=\"wp-block-group is-vertical is-content-justification-right is-layout-flex wp-container-core-group-is-layout-b6c475e2 wp-block-group-is-layout-flex\">\n<div id=\"wp-block-themeisle-blocks-button-group-8435dfcf\" class=\"wp-block-themeisle-blocks-button-group wp-block-buttons align-right-desktop\">\n<div id=\"wp-block-themeisle-blocks-button-97f3aec6\" class=\"wp-block-themeisle-blocks-button wp-block-button\"><a target=\"_self\" rel=\"noopener noreferrer\" class=\"wp-block-button__link\"><span><\/span><\/a><\/div>\n<\/div>\n<\/div>\n","protected":false},"excerpt":{"rendered":"<p>J&rsquo;ai l&rsquo;impression que ma chirurgie est rat\u00e9e, que dois-je faire ? Si vous subissez des complications li\u00e9es \u00e0 une chirurgie orthognathique, il est crucial de suivre une s\u00e9rie d&rsquo;\u00e9tapes pour s&rsquo;assurer de la pr\u00e9servation de ses droits tout en recevant les soins appropri\u00e9s. La faute m\u00e9dicale, qu&rsquo;est-ce ? La responsabilit\u00e9 m\u00e9dicale vise l\u2019obligation pour un [&hellip;]<\/p>\n","protected":false},"author":1,"featured_media":0,"parent":0,"menu_order":0,"comment_status":"closed","ping_status":"closed","template":"","meta":{"footnotes":""},"class_list":["post-94","page","type-page","status-publish","hentry"],"_links":{"self":[{"href":"https:\/\/bi-sdep.eu\/index.php\/wp-json\/wp\/v2\/pages\/94","targetHints":{"allow":["GET"]}}],"collection":[{"href":"https:\/\/bi-sdep.eu\/index.php\/wp-json\/wp\/v2\/pages"}],"about":[{"href":"https:\/\/bi-sdep.eu\/index.php\/wp-json\/wp\/v2\/types\/page"}],"author":[{"embeddable":true,"href":"https:\/\/bi-sdep.eu\/index.php\/wp-json\/wp\/v2\/users\/1"}],"replies":[{"embeddable":true,"href":"https:\/\/bi-sdep.eu\/index.php\/wp-json\/wp\/v2\/comments?post=94"}],"version-history":[{"count":9,"href":"https:\/\/bi-sdep.eu\/index.php\/wp-json\/wp\/v2\/pages\/94\/revisions"}],"predecessor-version":[{"id":165,"href":"https:\/\/bi-sdep.eu\/index.php\/wp-json\/wp\/v2\/pages\/94\/revisions\/165"}],"wp:attachment":[{"href":"https:\/\/bi-sdep.eu\/index.php\/wp-json\/wp\/v2\/media?parent=94"}],"curies":[{"name":"wp","href":"https:\/\/api.w.org\/{rel}","templated":true}]}}